{"id":34,"date":"2020-09-25T05:35:07","date_gmt":"2020-09-25T05:35:07","guid":{"rendered":"http:\/\/obuoliomedelynas.lt\/?page_id=34"},"modified":"2022-01-27T11:31:40","modified_gmt":"2022-01-27T11:31:40","slug":"obelys","status":"publish","type":"page","link":"https:\/\/obuoliomedelynas.lt\/index.php\/augalai\/obelys\/","title":{"rendered":"Obelys"},"content":{"rendered":"\n<div class=\"wp-block-group\"><div class=\"wp-block-group__inner-container is-layout-flow wp-block-group-is-layout-flow\">\n<div class=\"wp-block-columns is-layout-flex wp-container-core-columns-is-layout-28f84493 wp-block-columns-is-layout-flex\">\n<div class=\"wp-block-column is-layout-flow wp-block-column-is-layout-flow\">\n<figure class=\"wp-block-image size-large\"><img fetchpriority=\"high\" decoding=\"async\" width=\"768\" height=\"1024\" src=\"https:\/\/obuoliomedelynas.lt\/wp-content\/uploads\/2020\/09\/IMG_20200920_191449-768x1024.jpg\" alt=\"\" class=\"wp-image-75\" srcset=\"https:\/\/obuoliomedelynas.lt\/wp-content\/uploads\/2020\/09\/IMG_20200920_191449-768x1024.jpg 768w, https:\/\/obuoliomedelynas.lt\/wp-content\/uploads\/2020\/09\/IMG_20200920_191449-225x300.jpg 225w, https:\/\/obuoliomedelynas.lt\/wp-content\/uploads\/2020\/09\/IMG_20200920_191449-1152x1536.jpg 1152w, https:\/\/obuoliomedelynas.lt\/wp-content\/uploads\/2020\/09\/IMG_20200920_191449-1536x2048.jpg 1536w, https:\/\/obuoliomedelynas.lt\/wp-content\/uploads\/2020\/09\/IMG_20200920_191449-scaled.jpg 1920w\" sizes=\"(max-width: 768px) 100vw, 768px\" \/><figcaption><strong>HONEY CRISP<\/strong><\/figcaption><\/figure>\n\n\n\n<p style=\"font-size:18px\">Skan\u016bs obuoliai.<\/p>\n<\/div>\n\n\n\n<div class=\"wp-block-column is-layout-flow wp-block-column-is-layout-flow\">\n<figure class=\"wp-block-image size-large\"><img decoding=\"async\" width=\"768\" height=\"1024\" src=\"https:\/\/obuoliomedelynas.lt\/wp-content\/uploads\/2020\/09\/IMG_20200927_141629-768x1024.jpg\" alt=\"\" class=\"wp-image-78\" srcset=\"https:\/\/obuoliomedelynas.lt\/wp-content\/uploads\/2020\/09\/IMG_20200927_141629-768x1024.jpg 768w, https:\/\/obuoliomedelynas.lt\/wp-content\/uploads\/2020\/09\/IMG_20200927_141629-225x300.jpg 225w, https:\/\/obuoliomedelynas.lt\/wp-content\/uploads\/2020\/09\/IMG_20200927_141629-1152x1536.jpg 1152w, https:\/\/obuoliomedelynas.lt\/wp-content\/uploads\/2020\/09\/IMG_20200927_141629-1536x2048.jpg 1536w, https:\/\/obuoliomedelynas.lt\/wp-content\/uploads\/2020\/09\/IMG_20200927_141629-scaled.jpg 1920w\" sizes=\"(max-width: 768px) 100vw, 768px\" \/><figcaption><strong>\u0160AMPION<\/strong><\/figcaption><\/figure>\n\n\n\n<p style=\"font-size:18px\">VASARI\u0160KI<\/p>\n<\/div>\n<\/div>\n<\/div><\/div>\n\n\n\n<div class=\"wp-block-group\"><div class=\"wp-block-group__inner-container is-layout-flow wp-block-group-is-layout-flow\">\n<div class=\"wp-block-columns is-layout-flex wp-container-core-columns-is-layout-28f84493 wp-block-columns-is-layout-flex\">\n<div class=\"wp-block-column is-layout-flow wp-block-column-is-layout-flow\">\n<figure class=\"wp-block-image size-large\"><img decoding=\"async\" width=\"768\" height=\"1024\" src=\"https:\/\/obuoliomedelynas.lt\/wp-content\/uploads\/2020\/09\/IMG_20200927_140504-768x1024.jpg\" alt=\"\" class=\"wp-image-77\" srcset=\"https:\/\/obuoliomedelynas.lt\/wp-content\/uploads\/2020\/09\/IMG_20200927_140504-768x1024.jpg 768w, https:\/\/obuoliomedelynas.lt\/wp-content\/uploads\/2020\/09\/IMG_20200927_140504-225x300.jpg 225w, https:\/\/obuoliomedelynas.lt\/wp-content\/uploads\/2020\/09\/IMG_20200927_140504-1152x1536.jpg 1152w, https:\/\/obuoliomedelynas.lt\/wp-content\/uploads\/2020\/09\/IMG_20200927_140504-1536x2048.jpg 1536w, https:\/\/obuoliomedelynas.lt\/wp-content\/uploads\/2020\/09\/IMG_20200927_140504-scaled.jpg 1920w\" sizes=\"(max-width: 768px) 100vw, 768px\" \/><figcaption><strong>ROJAUS OBELIS &#8211; SULIT<\/strong><\/figcaption><\/figure>\n\n\n\n<p style=\"font-size:18px\">Informacija ruo\u0161iama<\/p>\n<\/div>\n\n\n\n<div class=\"wp-block-column is-layout-flow wp-block-column-is-layout-flow\">\n<figure class=\"wp-block-image size-large\"><img loading=\"lazy\" decoding=\"async\" width=\"768\" height=\"1024\" src=\"https:\/\/obuoliomedelynas.lt\/wp-content\/uploads\/2020\/09\/IMG_20200927_141504-768x1024.jpg\" alt=\"\" class=\"wp-image-76\" srcset=\"https:\/\/obuoliomedelynas.lt\/wp-content\/uploads\/2020\/09\/IMG_20200927_141504-768x1024.jpg 768w, https:\/\/obuoliomedelynas.lt\/wp-content\/uploads\/2020\/09\/IMG_20200927_141504-225x300.jpg 225w, https:\/\/obuoliomedelynas.lt\/wp-content\/uploads\/2020\/09\/IMG_20200927_141504-1152x1536.jpg 1152w, https:\/\/obuoliomedelynas.lt\/wp-content\/uploads\/2020\/09\/IMG_20200927_141504-1536x2048.jpg 1536w, https:\/\/obuoliomedelynas.lt\/wp-content\/uploads\/2020\/09\/IMG_20200927_141504-scaled.jpg 1920w\" sizes=\"(max-width: 768px) 100vw, 768px\" \/><figcaption><strong>RUBINOLA<\/strong><\/figcaption><\/figure>\n\n\n\n<p style=\"font-size:18px\">Informacija ruo\u0161iama<\/p>\n<\/div>\n<\/div>\n\n\n\n<h1 class=\"wp-block-heading\"><strong>Vasarin\u0117s obelys<\/strong><\/h1>\n\n\n\n<p><\/p>\n<\/div><\/div>\n\n\n\n<div class=\"wp-block-group\"><div class=\"wp-block-group__inner-container is-layout-flow wp-block-group-is-layout-flow\">\n<div class=\"wp-block-columns is-layout-flex wp-container-core-columns-is-layout-28f84493 wp-block-columns-is-layout-flex\">\n<div class=\"wp-block-column is-layout-flow wp-block-column-is-layout-flow\">\n<figure class=\"wp-block-image size-large\"><img loading=\"lazy\" decoding=\"async\" width=\"204\" height=\"195\" src=\"https:\/\/obuoliomedelynas.lt\/wp-content\/uploads\/2020\/09\/Untitled-2.png\" alt=\"\" class=\"wp-image-84\"\/><figcaption><strong>IZBRANICA<\/strong><\/figcaption><\/figure>\n\n\n\n<p style=\"font-size:18px\">Apib\u016bdinimas:<\/p>\n<\/div>\n\n\n\n<div class=\"wp-block-column is-layout-flow wp-block-column-is-layout-flow\">\n<figure class=\"wp-block-image size-large\"><img loading=\"lazy\" decoding=\"async\" width=\"204\" height=\"195\" src=\"https:\/\/obuoliomedelynas.lt\/wp-content\/uploads\/2020\/09\/Untitled-2.png\" alt=\"\" class=\"wp-image-84\"\/><figcaption><strong>JULIJA<\/strong><\/figcaption><\/figure>\n\n\n\n<p style=\"font-size:18px\">Apib\u016bdinimas:<\/p>\n<\/div>\n<\/div>\n\n\n\n<p><\/p>\n<\/div><\/div>\n\n\n\n<div class=\"wp-block-group\"><div class=\"wp-block-group__inner-container is-layout-flow wp-block-group-is-layout-flow\">\n<div class=\"wp-block-columns is-layout-flex wp-container-core-columns-is-layout-28f84493 wp-block-columns-is-layout-flex\">\n<div class=\"wp-block-column is-layout-flow wp-block-column-is-layout-flow\">\n<figure class=\"wp-block-image size-large\"><img loading=\"lazy\" decoding=\"async\" width=\"204\" height=\"195\" src=\"https:\/\/obuoliomedelynas.lt\/wp-content\/uploads\/2020\/09\/Untitled-2.png\" alt=\"\" class=\"wp-image-84\"\/><figcaption>PIROS<\/figcaption><\/figure>\n\n\n\n<p style=\"font-size:18px\">Apib\u016bdinimas<\/p>\n<\/div>\n\n\n\n<div class=\"wp-block-column is-layout-flow wp-block-column-is-layout-flow\">\n<figure class=\"wp-block-image size-large\"><img loading=\"lazy\" decoding=\"async\" width=\"204\" height=\"195\" src=\"https:\/\/obuoliomedelynas.lt\/wp-content\/uploads\/2020\/09\/Untitled-2.png\" alt=\"\" class=\"wp-image-84\"\/><\/figure>\n\n\n\n<p style=\"font-size:18px\"><\/p>\n<\/div>\n<\/div>\n\n\n\n<h1 class=\"wp-block-heading\"><strong>Rudenin\u0117s obelys<\/strong><\/h1>\n<\/div><\/div>\n\n\n\n<div class=\"wp-block-group\"><div class=\"wp-block-group__inner-container is-layout-flow wp-block-group-is-layout-flow\">\n<div class=\"wp-block-columns is-layout-flex wp-container-core-columns-is-layout-28f84493 wp-block-columns-is-layout-flex\">\n<div class=\"wp-block-column is-layout-flow wp-block-column-is-layout-flow\">\n<figure class=\"wp-block-image size-large\"><img loading=\"lazy\" decoding=\"async\" width=\"204\" height=\"195\" src=\"https:\/\/obuoliomedelynas.lt\/wp-content\/uploads\/2020\/09\/Untitled-2-1.png\" alt=\"\" class=\"wp-image-96\"\/><figcaption>ANANASINIS<\/figcaption><\/figure>\n\n\n\n<p style=\"font-size:18px\"><strong>Apra\u0161ymas:<\/strong><\/p>\n<\/div>\n\n\n\n<div class=\"wp-block-column is-layout-flow wp-block-column-is-layout-flow\">\n<figure class=\"wp-block-image size-large\"><img loading=\"lazy\" decoding=\"async\" width=\"204\" height=\"195\" src=\"https:\/\/obuoliomedelynas.lt\/wp-content\/uploads\/2020\/09\/Untitled-2-1.png\" alt=\"\" class=\"wp-image-96\"\/><figcaption>ANTANINIS<\/figcaption><\/figure>\n\n\n\n<p style=\"font-size:18px\"><strong>Apra\u0161ymas:<\/strong><\/p>\n<\/div>\n<\/div>\n\n\n\n<p><\/p>\n<\/div><\/div>\n\n\n\n<div class=\"wp-block-group\"><div class=\"wp-block-group__inner-container is-layout-flow wp-block-group-is-layout-flow\">\n<div class=\"wp-block-columns is-layout-flex wp-container-core-columns-is-layout-28f84493 wp-block-columns-is-layout-flex\">\n<div class=\"wp-block-column is-layout-flow wp-block-column-is-layout-flow\">\n<figure class=\"wp-block-image size-large\"><img loading=\"lazy\" decoding=\"async\" width=\"204\" height=\"195\" src=\"https:\/\/obuoliomedelynas.lt\/wp-content\/uploads\/2020\/09\/Untitled-2-1.png\" alt=\"\" class=\"wp-image-96\"\/><figcaption>DELIKATES<\/figcaption><\/figure>\n\n\n\n<p style=\"font-size:18px\"><strong>Apra\u0161ymas:<\/strong><\/p>\n<\/div>\n\n\n\n<div class=\"wp-block-column is-layout-flow wp-block-column-is-layout-flow\">\n<figure class=\"wp-block-image size-large\"><img loading=\"lazy\" decoding=\"async\" width=\"204\" height=\"195\" src=\"https:\/\/obuoliomedelynas.lt\/wp-content\/uploads\/2020\/09\/Untitled-2-1.png\" alt=\"\" class=\"wp-image-96\"\/><figcaption>FREEDOM<\/figcaption><\/figure>\n\n\n\n<p style=\"font-size:18px\"><strong>Apra\u0161ymas:<\/strong><\/p>\n<\/div>\n<\/div>\n<\/div><\/div>\n\n\n\n<div class=\"wp-block-group\"><div class=\"wp-block-group__inner-container is-layout-flow wp-block-group-is-layout-flow\">\n<div class=\"wp-block-columns is-layout-flex wp-container-core-columns-is-layout-28f84493 wp-block-columns-is-layout-flex\">\n<div class=\"wp-block-column is-layout-flow wp-block-column-is-layout-flow\">\n<figure class=\"wp-block-image size-large\"><img loading=\"lazy\" decoding=\"async\" width=\"204\" height=\"195\" src=\"https:\/\/obuoliomedelynas.lt\/wp-content\/uploads\/2020\/09\/Untitled-2.png\" alt=\"\" class=\"wp-image-84\"\/><figcaption>PIROS<\/figcaption><\/figure>\n\n\n\n<p style=\"font-size:18px\">Apib\u016bdinimas<\/p>\n<\/div>\n\n\n\n<div class=\"wp-block-column is-layout-flow wp-block-column-is-layout-flow\">\n<figure class=\"wp-block-image size-large\"><img loading=\"lazy\" decoding=\"async\" width=\"204\" height=\"195\" src=\"https:\/\/obuoliomedelynas.lt\/wp-content\/uploads\/2020\/09\/Untitled-2.png\" alt=\"\" class=\"wp-image-84\"\/><\/figure>\n\n\n\n<p style=\"font-size:18px\"><\/p>\n<\/div>\n<\/div>\n\n\n\n<h1 class=\"wp-block-heading\"><strong>Rudenin\u0117s obelys<\/strong><\/h1>\n<\/div><\/div>\n\n\n\n<div class=\"wp-block-group\"><div class=\"wp-block-group__inner-container is-layout-flow wp-block-group-is-layout-flow\">\n<div class=\"wp-block-columns is-layout-flex wp-container-core-columns-is-layout-28f84493 wp-block-columns-is-layout-flex\">\n<div class=\"wp-block-column is-layout-flow wp-block-column-is-layout-flow\">\n<figure class=\"wp-block-image size-large\"><img loading=\"lazy\" decoding=\"async\" width=\"204\" height=\"195\" src=\"https:\/\/obuoliomedelynas.lt\/wp-content\/uploads\/2020\/09\/Untitled-2-1.png\" alt=\"\" class=\"wp-image-96\"\/><figcaption>ANANASINIS<\/figcaption><\/figure>\n\n\n\n<p style=\"font-size:18px\"><strong>Apra\u0161ymas:<\/strong><\/p>\n<\/div>\n\n\n\n<div class=\"wp-block-column is-layout-flow wp-block-column-is-layout-flow\">\n<figure class=\"wp-block-image size-large\"><img loading=\"lazy\" decoding=\"async\" width=\"204\" height=\"195\" src=\"https:\/\/obuoliomedelynas.lt\/wp-content\/uploads\/2020\/09\/Untitled-2-1.png\" alt=\"\" class=\"wp-image-96\"\/><figcaption>ANTANINIS<\/figcaption><\/figure>\n\n\n\n<p style=\"font-size:18px\"><strong>Apra\u0161ymas:<\/strong><\/p>\n<\/div>\n<\/div>\n\n\n\n<p><\/p>\n<\/div><\/div>\n\n\n\n<div class=\"wp-block-group\"><div class=\"wp-block-group__inner-container is-layout-flow wp-block-group-is-layout-flow\">\n<div class=\"wp-block-columns is-layout-flex wp-container-core-columns-is-layout-28f84493 wp-block-columns-is-layout-flex\">\n<div class=\"wp-block-column is-layout-flow wp-block-column-is-layout-flow\">\n<figure class=\"wp-block-image size-large\"><img loading=\"lazy\" decoding=\"async\" width=\"204\" height=\"195\" src=\"https:\/\/obuoliomedelynas.lt\/wp-content\/uploads\/2020\/09\/Untitled-2-1.png\" alt=\"\" class=\"wp-image-96\"\/><figcaption>DELIKATES<\/figcaption><\/figure>\n\n\n\n<p style=\"font-size:18px\"><strong>Apra\u0161ymas:<\/strong><\/p>\n<\/div>\n\n\n\n<div class=\"wp-block-column is-layout-flow wp-block-column-is-layout-flow\">\n<figure class=\"wp-block-image size-large\"><img loading=\"lazy\" decoding=\"async\" width=\"204\" height=\"195\" src=\"https:\/\/obuoliomedelynas.lt\/wp-content\/uploads\/2020\/09\/Untitled-2-1.png\" alt=\"\" class=\"wp-image-96\"\/><figcaption>FREEDOM<\/figcaption><\/figure>\n\n\n\n<p style=\"font-size:18px\"><strong>Apra\u0161ymas:<\/strong><\/p>\n<\/div>\n<\/div>\n<\/div><\/div>\n\n\n\n<h1 class=\"wp-block-heading\"><strong>\u017diemin\u0117s obelys<\/strong><\/h1>\n\n\n\n<div class=\"wp-block-group\"><div class=\"wp-block-group__inner-container is-layout-flow wp-block-group-is-layout-flow\">\n<div class=\"wp-block-columns is-layout-flex wp-container-core-columns-is-layout-28f84493 wp-block-columns-is-layout-flex\">\n<div class=\"wp-block-column is-layout-flow wp-block-column-is-layout-flow\">\n<figure class=\"wp-block-image size-large\"><img loading=\"lazy\" decoding=\"async\" width=\"204\" height=\"195\" src=\"https:\/\/obuoliomedelynas.lt\/wp-content\/uploads\/2020\/09\/Untitled-2-1.png\" alt=\"\" class=\"wp-image-96\"\/><figcaption>\u0160AMPION<\/figcaption><\/figure>\n\n\n\n<p style=\"font-size:18px\"><strong>Apra\u0161ymas:<\/strong><\/p>\n<\/div>\n\n\n\n<div class=\"wp-block-column is-layout-flow wp-block-column-is-layout-flow\">\n<figure class=\"wp-block-image size-large\"><img loading=\"lazy\" decoding=\"async\" width=\"204\" height=\"195\" src=\"https:\/\/obuoliomedelynas.lt\/wp-content\/uploads\/2020\/09\/Untitled-2-1.png\" alt=\"\" class=\"wp-image-96\"\/><figcaption>BELANA<\/figcaption><\/figure>\n\n\n\n<p style=\"font-size:18px\"><strong>Apra\u0161ymas:<\/strong><\/p>\n<\/div>\n<\/div>\n<\/div><\/div>\n\n\n\n<div class=\"wp-block-group\"><div class=\"wp-block-group__inner-container is-layout-flow wp-block-group-is-layout-flow\">\n<div class=\"wp-block-columns is-layout-flex wp-container-core-columns-is-layout-28f84493 wp-block-columns-is-layout-flex\">\n<div class=\"wp-block-column is-layout-flow wp-block-column-is-layout-flow\">\n<figure class=\"wp-block-image size-large\"><img loading=\"lazy\" decoding=\"async\" width=\"204\" height=\"195\" src=\"https:\/\/obuoliomedelynas.lt\/wp-content\/uploads\/2020\/09\/Untitled-2-1.png\" alt=\"\" class=\"wp-image-96\"\/><figcaption>RUBINOLA<\/figcaption><\/figure>\n\n\n\n<p style=\"font-size:18px\"><strong>Apra\u0161ymas:<\/strong><\/p>\n<\/div>\n\n\n\n<div class=\"wp-block-column is-layout-flow wp-block-column-is-layout-flow\">\n<figure class=\"wp-block-image size-large\"><img loading=\"lazy\" decoding=\"async\" width=\"204\" height=\"195\" src=\"https:\/\/obuoliomedelynas.lt\/wp-content\/uploads\/2020\/09\/Untitled-2-1.png\" alt=\"\" class=\"wp-image-96\"\/><figcaption>BOHEMIJA<\/figcaption><\/figure>\n\n\n\n<p style=\"font-size:18px\"><strong>Apra\u0161ymas:<\/strong><\/p>\n<\/div>\n<\/div>\n\n\n\n<p><\/p>\n<\/div><\/div>\n\n\n\n<div class=\"wp-block-group\"><div class=\"wp-block-group__inner-container is-layout-flow wp-block-group-is-layout-flow\">\n<div class=\"wp-block-columns is-layout-flex wp-container-core-columns-is-layout-28f84493 wp-block-columns-is-layout-flex\">\n<div class=\"wp-block-column is-layout-flow wp-block-column-is-layout-flow\">\n<figure class=\"wp-block-image size-large\"><img loading=\"lazy\" decoding=\"async\" width=\"204\" height=\"195\" src=\"https:\/\/obuoliomedelynas.lt\/wp-content\/uploads\/2020\/09\/Untitled-2-1.png\" alt=\"\" class=\"wp-image-96\"\/><figcaption>RAJKA<\/figcaption><\/figure>\n\n\n\n<p style=\"font-size:18px\"><strong>Apra\u0161ymas:<\/strong><\/p>\n<\/div>\n\n\n\n<div class=\"wp-block-column is-layout-flow wp-block-column-is-layout-flow\">\n<figure class=\"wp-block-image size-large\"><img loading=\"lazy\" decoding=\"async\" width=\"204\" height=\"195\" src=\"https:\/\/obuoliomedelynas.lt\/wp-content\/uploads\/2020\/09\/Untitled-2-1.png\" alt=\"\" class=\"wp-image-96\"\/><figcaption>GOLD BOHEMIJA<\/figcaption><\/figure>\n\n\n\n<p style=\"font-size:18px\"><strong>Apra\u0161ymas:<\/strong><\/p>\n<\/div>\n<\/div>\n\n\n\n<p><\/p>\n<\/div><\/div>\n\n\n\n<div class=\"wp-block-group\"><div class=\"wp-block-group__inner-container is-layout-flow wp-block-group-is-layout-flow\">\n<div class=\"wp-block-columns is-layout-flex wp-container-core-columns-is-layout-28f84493 wp-block-columns-is-layout-flex\">\n<div class=\"wp-block-column is-layout-flow wp-block-column-is-layout-flow\">\n<figure class=\"wp-block-image size-large\"><img loading=\"lazy\" decoding=\"async\" width=\"204\" height=\"195\" src=\"https:\/\/obuoliomedelynas.lt\/wp-content\/uploads\/2020\/09\/Untitled-2-1.png\" alt=\"\" class=\"wp-image-96\"\/><figcaption>JONAGOLD PRINCE<\/figcaption><\/figure>\n\n\n\n<p style=\"font-size:18px\"><strong>Apra\u0161ymas:<\/strong><\/p>\n<\/div>\n\n\n\n<div class=\"wp-block-column is-layout-flow wp-block-column-is-layout-flow\">\n<figure class=\"wp-block-image size-large\"><img loading=\"lazy\" decoding=\"async\" width=\"204\" height=\"195\" src=\"https:\/\/obuoliomedelynas.lt\/wp-content\/uploads\/2020\/09\/Untitled-2-1.png\" alt=\"\" class=\"wp-image-96\"\/><figcaption>HONEY CRISP<\/figcaption><\/figure>\n\n\n\n<p style=\"font-size:18px\"><strong>Apra\u0161ymas:<\/strong><\/p>\n<\/div>\n<\/div>\n<\/div><\/div>\n\n\n\n<div class=\"wp-block-group\"><div class=\"wp-block-group__inner-container is-layout-flow wp-block-group-is-layout-flow\">\n<div class=\"wp-block-columns is-layout-flex wp-container-core-columns-is-layout-28f84493 wp-block-columns-is-layout-flex\">\n<div class=\"wp-block-column is-layout-flow wp-block-column-is-layout-flow\">\n<figure class=\"wp-block-image size-large\"><img loading=\"lazy\" decoding=\"async\" width=\"204\" height=\"195\" src=\"https:\/\/obuoliomedelynas.lt\/wp-content\/uploads\/2020\/09\/Untitled-2-1.png\" alt=\"\" class=\"wp-image-96\"\/><figcaption>ELIZA<\/figcaption><\/figure>\n\n\n\n<p style=\"font-size:18px\"><strong>Apra\u0161ymas:<\/strong><\/p>\n<\/div>\n\n\n\n<div class=\"wp-block-column is-layout-flow wp-block-column-is-layout-flow\">\n<figure class=\"wp-block-image size-large\"><img loading=\"lazy\" decoding=\"async\" width=\"204\" height=\"195\" src=\"https:\/\/obuoliomedelynas.lt\/wp-content\/uploads\/2020\/09\/Untitled-2-1.png\" alt=\"\" class=\"wp-image-96\"\/><figcaption>TOPAZ<\/figcaption><\/figure>\n\n\n\n<p style=\"font-size:18px\"><strong>Apra\u0161ymas<\/strong><\/p>\n<\/div>\n<\/div>\n<\/div><\/div>\n\n\n\n<div class=\"wp-block-group\"><div class=\"wp-block-group__inner-container is-layout-flow wp-block-group-is-layout-flow\">\n<div class=\"wp-block-columns is-layout-flex wp-container-core-columns-is-layout-28f84493 wp-block-columns-is-layout-flex\">\n<div class=\"wp-block-column is-layout-flow wp-block-column-is-layout-flow\">\n<figure class=\"wp-block-image size-large\"><img loading=\"lazy\" decoding=\"async\" width=\"204\" height=\"195\" src=\"https:\/\/obuoliomedelynas.lt\/wp-content\/uploads\/2020\/09\/Untitled-2-1.png\" alt=\"\" class=\"wp-image-96\"\/><figcaption>IMANT<\/figcaption><\/figure>\n\n\n\n<p style=\"font-size:18px\"><strong>Apra\u0161ymas:<\/strong><\/p>\n<\/div>\n\n\n\n<div class=\"wp-block-column is-layout-flow wp-block-column-is-layout-flow\">\n<figure class=\"wp-block-image size-large\"><img loading=\"lazy\" decoding=\"async\" width=\"204\" height=\"195\" src=\"https:\/\/obuoliomedelynas.lt\/wp-content\/uploads\/2020\/09\/Untitled-2-1.png\" alt=\"\" class=\"wp-image-96\"\/><\/figure>\n\n\n\n<p style=\"font-size:18px\"><\/p>\n<\/div>\n<\/div>\n\n\n\n<p><\/p>\n<\/div><\/div>\n\n\n\n<p><\/p>\n\n\n\n<p>VAISKR\u016aMIAI<\/p>\n","protected":false},"excerpt":{"rendered":"<p>Skan\u016bs obuoliai. VASARI\u0160KI Informacija ruo\u0161iama Informacija ruo\u0161iama Vasarin\u0117s obelys Apib\u016bdinimas: Apib\u016bdinimas: Apib\u016bdinimas Rudenin\u0117s obelys Apra\u0161ymas: Apra\u0161ymas: Apra\u0161ymas: Apra\u0161ymas: Apib\u016bdinimas Rudenin\u0117s obelys Apra\u0161ymas: Apra\u0161ymas: Apra\u0161ymas: Apra\u0161ymas: \u017diemin\u0117s obelys Apra\u0161ymas: Apra\u0161ymas: Apra\u0161ymas: Apra\u0161ymas: Apra\u0161ymas: Apra\u0161ymas: Apra\u0161ymas: Apra\u0161ymas: Apra\u0161ymas: Apra\u0161ymas Apra\u0161ymas: VAISKR\u016aMIAI<\/p>\n","protected":false},"author":1,"featured_media":0,"parent":32,"menu_order":0,"comment_status":"closed","ping_status":"closed","template":"","meta":{"footnotes":""},"class_list":["post-34","page","type-page","status-publish","hentry"],"_links":{"self":[{"href":"https:\/\/obuoliomedelynas.lt\/index.php\/wp-json\/wp\/v2\/pages\/34","targetHints":{"allow":["GET"]}}],"collection":[{"href":"https:\/\/obuoliomedelynas.lt\/index.php\/wp-json\/wp\/v2\/pages"}],"about":[{"href":"https:\/\/obuoliomedelynas.lt\/index.php\/wp-json\/wp\/v2\/types\/page"}],"author":[{"embeddable":true,"href":"https:\/\/obuoliomedelynas.lt\/index.php\/wp-json\/wp\/v2\/users\/1"}],"replies":[{"embeddable":true,"href":"https:\/\/obuoliomedelynas.lt\/index.php\/wp-json\/wp\/v2\/comments?post=34"}],"version-history":[{"count":11,"href":"https:\/\/obuoliomedelynas.lt\/index.php\/wp-json\/wp\/v2\/pages\/34\/revisions"}],"predecessor-version":[{"id":269,"href":"https:\/\/obuoliomedelynas.lt\/index.php\/wp-json\/wp\/v2\/pages\/34\/revisions\/269"}],"up":[{"embeddable":true,"href":"https:\/\/obuoliomedelynas.lt\/index.php\/wp-json\/wp\/v2\/pages\/32"}],"wp:attachment":[{"href":"https:\/\/obuoliomedelynas.lt\/index.php\/wp-json\/wp\/v2\/media?parent=34"}],"curies":[{"name":"wp","href":"https:\/\/api.w.org\/{rel}","templated":true}]}}