{"id":89,"date":"2020-09-28T05:38:29","date_gmt":"2020-09-28T05:38:29","guid":{"rendered":"http:\/\/obuoliomedelynas.lt\/?page_id=89"},"modified":"2022-01-27T14:07:31","modified_gmt":"2022-01-27T14:07:31","slug":"kur-rasti-mus","status":"publish","type":"page","link":"https:\/\/obuoliomedelynas.lt\/","title":{"rendered":"Kur rasti mus?"},"content":{"rendered":"\n<p><\/p>\n\n\n\n<figure class=\"wp-block-image size-large\"><img fetchpriority=\"high\" decoding=\"async\" width=\"1024\" height=\"529\" src=\"https:\/\/obuoliomedelynas.lt\/wp-content\/uploads\/2020\/09\/vizitine-1024x529.jpg\" alt=\"\" class=\"wp-image-118\" srcset=\"https:\/\/obuoliomedelynas.lt\/wp-content\/uploads\/2020\/09\/vizitine-1024x529.jpg 1024w, https:\/\/obuoliomedelynas.lt\/wp-content\/uploads\/2020\/09\/vizitine-300x155.jpg 300w, https:\/\/obuoliomedelynas.lt\/wp-content\/uploads\/2020\/09\/vizitine-768x397.jpg 768w, https:\/\/obuoliomedelynas.lt\/wp-content\/uploads\/2020\/09\/vizitine-1536x794.jpg 1536w, https:\/\/obuoliomedelynas.lt\/wp-content\/uploads\/2020\/09\/vizitine-2048x1058.jpg 2048w\" sizes=\"(max-width: 1024px) 100vw, 1024px\" \/><\/figure>\n\n\n\n<p>Mus rasite:<\/p>\n\n\n\n<p>Panev\u0117\u017eyje augal\u0173 aik\u0161tel\u0117 ir \u017demaitijoje \u016bkis<\/p>\n\n\n\n<p><\/p>\n\n\n\n<figure class=\"wp-block-image size-large is-style-rounded\"><img decoding=\"async\" width=\"928\" height=\"1024\" src=\"https:\/\/obuoliomedelynas.lt\/wp-content\/uploads\/2020\/09\/IMG_20200929_114210-928x1024.jpg\" alt=\"\" class=\"wp-image-152\" srcset=\"https:\/\/obuoliomedelynas.lt\/wp-content\/uploads\/2020\/09\/IMG_20200929_114210-928x1024.jpg 928w, https:\/\/obuoliomedelynas.lt\/wp-content\/uploads\/2020\/09\/IMG_20200929_114210-272x300.jpg 272w, https:\/\/obuoliomedelynas.lt\/wp-content\/uploads\/2020\/09\/IMG_20200929_114210-768x847.jpg 768w, https:\/\/obuoliomedelynas.lt\/wp-content\/uploads\/2020\/09\/IMG_20200929_114210-1392x1536.jpg 1392w, https:\/\/obuoliomedelynas.lt\/wp-content\/uploads\/2020\/09\/IMG_20200929_114210-1856x2048.jpg 1856w\" sizes=\"(max-width: 928px) 100vw, 928px\" \/><figcaption><br>Kaimi\u0161kis, Panev\u0117\u017eio raj.<\/figcaption><\/figure>\n\n\n\n\n\n<figure class=\"wp-block-image size-large is-style-rounded\"><img decoding=\"async\" width=\"768\" height=\"1024\" src=\"https:\/\/obuoliomedelynas.lt\/wp-content\/uploads\/2020\/09\/IMG_20200928_153156-768x1024.jpg\" alt=\"\" class=\"wp-image-141\" srcset=\"https:\/\/obuoliomedelynas.lt\/wp-content\/uploads\/2020\/09\/IMG_20200928_153156-768x1024.jpg 768w, https:\/\/obuoliomedelynas.lt\/wp-content\/uploads\/2020\/09\/IMG_20200928_153156-225x300.jpg 225w, https:\/\/obuoliomedelynas.lt\/wp-content\/uploads\/2020\/09\/IMG_20200928_153156-1152x1536.jpg 1152w, https:\/\/obuoliomedelynas.lt\/wp-content\/uploads\/2020\/09\/IMG_20200928_153156-1536x2048.jpg 1536w, https:\/\/obuoliomedelynas.lt\/wp-content\/uploads\/2020\/09\/IMG_20200928_153156-scaled.jpg 1920w\" sizes=\"(max-width: 768px) 100vw, 768px\" \/><\/figure>\n\n\n\n<figure class=\"wp-block-gallery has-nested-images columns-default is-cropped wp-block-gallery-1 is-layout-flex wp-block-gallery-is-layout-flex\">\n<figure class=\"wp-block-image size-large\"><img loading=\"lazy\" decoding=\"async\" width=\"585\" height=\"780\" data-id=\"112\" src=\"https:\/\/obuoliomedelynas.lt\/wp-content\/uploads\/2020\/09\/118616051_1254997971511660_6997860616311819344_n.jpg\" alt=\"\" class=\"wp-image-112\" srcset=\"https:\/\/obuoliomedelynas.lt\/wp-content\/uploads\/2020\/09\/118616051_1254997971511660_6997860616311819344_n.jpg 585w, https:\/\/obuoliomedelynas.lt\/wp-content\/uploads\/2020\/09\/118616051_1254997971511660_6997860616311819344_n-225x300.jpg 225w\" sizes=\"(max-width: 585px) 100vw, 585px\" \/><\/figure>\n\n\n\n<figure class=\"wp-block-image size-large\"><img loading=\"lazy\" decoding=\"async\" width=\"585\" height=\"780\" data-id=\"113\" src=\"https:\/\/obuoliomedelynas.lt\/wp-content\/uploads\/2020\/09\/118630047_595085361167009_7805209785444073418_n.jpg\" alt=\"\" class=\"wp-image-113\" srcset=\"https:\/\/obuoliomedelynas.lt\/wp-content\/uploads\/2020\/09\/118630047_595085361167009_7805209785444073418_n.jpg 585w, https:\/\/obuoliomedelynas.lt\/wp-content\/uploads\/2020\/09\/118630047_595085361167009_7805209785444073418_n-225x300.jpg 225w\" sizes=\"(max-width: 585px) 100vw, 585px\" \/><\/figure>\n\n\n\n<figure class=\"wp-block-image size-large\"><img loading=\"lazy\" decoding=\"async\" width=\"732\" height=\"510\" data-id=\"114\" src=\"https:\/\/obuoliomedelynas.lt\/wp-content\/uploads\/2020\/09\/118636635_323016452245112_3708343734055312358_n.jpg\" alt=\"\" class=\"wp-image-114\" srcset=\"https:\/\/obuoliomedelynas.lt\/wp-content\/uploads\/2020\/09\/118636635_323016452245112_3708343734055312358_n.jpg 732w, https:\/\/obuoliomedelynas.lt\/wp-content\/uploads\/2020\/09\/118636635_323016452245112_3708343734055312358_n-300x209.jpg 300w\" sizes=\"(max-width: 732px) 100vw, 732px\" \/><\/figure>\n\n\n\n<figure class=\"wp-block-image size-large\"><img loading=\"lazy\" decoding=\"async\" width=\"1024\" height=\"576\" data-id=\"115\" src=\"https:\/\/obuoliomedelynas.lt\/wp-content\/uploads\/2020\/09\/DSC_0200-1024x576.jpg\" alt=\"\" class=\"wp-image-115\" srcset=\"https:\/\/obuoliomedelynas.lt\/wp-content\/uploads\/2020\/09\/DSC_0200-1024x576.jpg 1024w, https:\/\/obuoliomedelynas.lt\/wp-content\/uploads\/2020\/09\/DSC_0200-300x169.jpg 300w, https:\/\/obuoliomedelynas.lt\/wp-content\/uploads\/2020\/09\/DSC_0200-768x432.jpg 768w, https:\/\/obuoliomedelynas.lt\/wp-content\/uploads\/2020\/09\/DSC_0200-1536x864.jpg 1536w, https:\/\/obuoliomedelynas.lt\/wp-content\/uploads\/2020\/09\/DSC_0200-2048x1152.jpg 2048w\" sizes=\"(max-width: 1024px) 100vw, 1024px\" \/><\/figure>\n\n\n\n<figure class=\"wp-block-image size-large\"><img loading=\"lazy\" decoding=\"async\" width=\"1024\" height=\"768\" data-id=\"116\" src=\"https:\/\/obuoliomedelynas.lt\/wp-content\/uploads\/2020\/09\/IMG_20190508_173417-1024x768.jpg\" alt=\"\" class=\"wp-image-116\" srcset=\"https:\/\/obuoliomedelynas.lt\/wp-content\/uploads\/2020\/09\/IMG_20190508_173417-1024x768.jpg 1024w, https:\/\/obuoliomedelynas.lt\/wp-content\/uploads\/2020\/09\/IMG_20190508_173417-300x225.jpg 300w, https:\/\/obuoliomedelynas.lt\/wp-content\/uploads\/2020\/09\/IMG_20190508_173417-768x576.jpg 768w, https:\/\/obuoliomedelynas.lt\/wp-content\/uploads\/2020\/09\/IMG_20190508_173417-1536x1152.jpg 1536w, https:\/\/obuoliomedelynas.lt\/wp-content\/uploads\/2020\/09\/IMG_20190508_173417-2048x1536.jpg 2048w\" sizes=\"(max-width: 1024px) 100vw, 1024px\" \/><\/figure>\n<\/figure>\n","protected":false},"excerpt":{"rendered":"<p>Mus rasite: Panev\u0117\u017eyje augal\u0173 aik\u0161tel\u0117 ir \u017demaitijoje \u016bkis<\/p>\n","protected":false},"author":1,"featured_media":0,"parent":0,"menu_order":0,"comment_status":"closed","ping_status":"closed","template":"","meta":{"footnotes":""},"class_list":["post-89","page","type-page","status-publish","hentry"],"_links":{"self":[{"href":"https:\/\/obuoliomedelynas.lt\/index.php\/wp-json\/wp\/v2\/pages\/89","targetHints":{"allow":["GET"]}}],"collection":[{"href":"https:\/\/obuoliomedelynas.lt\/index.php\/wp-json\/wp\/v2\/pages"}],"about":[{"href":"https:\/\/obuoliomedelynas.lt\/index.php\/wp-json\/wp\/v2\/types\/page"}],"author":[{"embeddable":true,"href":"https:\/\/obuoliomedelynas.lt\/index.php\/wp-json\/wp\/v2\/users\/1"}],"replies":[{"embeddable":true,"href":"https:\/\/obuoliomedelynas.lt\/index.php\/wp-json\/wp\/v2\/comments?post=89"}],"version-history":[{"count":10,"href":"https:\/\/obuoliomedelynas.lt\/index.php\/wp-json\/wp\/v2\/pages\/89\/revisions"}],"predecessor-version":[{"id":286,"href":"https:\/\/obuoliomedelynas.lt\/index.php\/wp-json\/wp\/v2\/pages\/89\/revisions\/286"}],"wp:attachment":[{"href":"https:\/\/obuoliomedelynas.lt\/index.php\/wp-json\/wp\/v2\/media?parent=89"}],"curies":[{"name":"wp","href":"https:\/\/api.w.org\/{rel}","templated":true}]}}